{"id":8,"date":"2022-10-13T19:25:37","date_gmt":"2022-10-13T19:25:37","guid":{"rendered":"https:\/\/sierpechocolate.com\/?page_id=3"},"modified":"2023-10-27T15:05:59","modified_gmt":"2023-10-27T15:05:59","slug":"sierpe-cafe-chocolate","status":"publish","type":"page","link":"https:\/\/cr.sierpechocolate.com\/","title":{"rendered":"Sierpe Caf\u00e9 &#038; Chocolate"},"content":{"rendered":"\n<figure class=\"wp-block-image size-large is-resized\"><img decoding=\"async\" src=\"https:\/\/sierpechocolate.com\/wp-content\/uploads\/2022\/10\/20220928_071457_cut-1-1024x223.jpg\" alt=\"\" class=\"wp-image-68\" style=\"width:1170px;height:255px\"\/><\/figure>\n\n\n\n<p><\/p>\n\n\n\n<div class=\"wp-block-columns is-layout-flex wp-container-core-columns-is-layout-9d6595d7 wp-block-columns-is-layout-flex\">\n<div class=\"wp-block-column is-layout-flow wp-block-column-is-layout-flow\" style=\"flex-basis:50%\">\n<div class=\"wp-block-group\"><div class=\"wp-block-group__inner-container is-layout-flow wp-block-group-is-layout-flow\">\n<h3 class=\"wp-block-heading\" id=\"heading_1\">De &#8222;la ra\u00edz a la barra&#8220; sin conservantes, todo natural 70% Cacao &#8222;CHOCOLATE AUT\u00c9NTICO&#8220;<\/h3>\n\n\n\n<p>Somos una peque\u00f1a empresa chocolatera creada por el amor al buen chocolate y el deseo de producirlo utilizando cacao de agricultores locales y s\u00f3lo los mejores ingredientes. Nunca ha probado un chocolate mejor, por muy lujoso que sea el envoltorio. Pruebe nuestros chocolates y sepa a qu\u00e9 debe saber el chocolate.<br><br>Nuestra misi\u00f3n en Sierpe Caf\u00e9 &amp; Chocolate es encantar y deleitar a los entusiastas del chocolate con una exquisita fusi\u00f3n de sabores, hechos a mano con amor y precisi\u00f3n. Nos dedicamos a preservar la aut\u00e9ntica esencia de Costa Rica utilizando cacao de origen local y los ingredientes naturales m\u00e1s puros. Mediante pr\u00e1cticas sostenibles y el apoyo a los agricultores locales, nos esforzamos por crear un impacto positivo en nuestra comunidad y el medio ambiente. Con cada creaci\u00f3n divina, pretendemos crear una experiencia memorable que celebre el rico patrimonio cultural y la abundante belleza de Costa Rica. Nuestro compromiso con la excelencia nos impulsa a elaborar los mejores chocolates y ofrecer un viaje extraordinario que satisface los sentidos y calienta el coraz\u00f3n.<\/p>\n<\/div><\/div>\n<\/div>\n\n\n\n<div class=\"wp-block-column is-layout-flow wp-block-column-is-layout-flow\" style=\"flex-basis:50%\">\n<figure class=\"wp-block-gallery has-nested-images columns-default is-cropped wp-block-gallery-1 is-layout-flex wp-block-gallery-is-layout-flex\">\n<figure class=\"wp-block-image size-large\"><img decoding=\"async\" data-id=\"28\" src=\"https:\/\/sierpechocolate.com\/wp-content\/uploads\/2022\/10\/20220927_131830-768x1024.jpg\" alt=\"\" class=\"wp-image-28\"\/><\/figure>\n\n\n\n<figure class=\"wp-block-image size-large\"><img decoding=\"async\" data-id=\"27\" src=\"https:\/\/sierpechocolate.com\/wp-content\/uploads\/2022\/10\/20220928_153531-768x1024.jpg\" alt=\"\" class=\"wp-image-27\"\/><\/figure>\n\n\n\n<figure class=\"wp-block-image size-large\"><img loading=\"lazy\" decoding=\"async\" width=\"938\" height=\"1024\" data-id=\"201\" src=\"https:\/\/cr.sierpechocolate.com\/wp-content\/uploads\/2023\/10\/IMG_8687-938x1024.jpg\" alt=\"\" class=\"wp-image-201\" srcset=\"https:\/\/cr.sierpechocolate.com\/wp-content\/uploads\/2023\/10\/IMG_8687-938x1024.jpg 938w, https:\/\/cr.sierpechocolate.com\/wp-content\/uploads\/2023\/10\/IMG_8687-275x300.jpg 275w, https:\/\/cr.sierpechocolate.com\/wp-content\/uploads\/2023\/10\/IMG_8687-768x838.jpg 768w, https:\/\/cr.sierpechocolate.com\/wp-content\/uploads\/2023\/10\/IMG_8687-1408x1536.jpg 1408w, https:\/\/cr.sierpechocolate.com\/wp-content\/uploads\/2023\/10\/IMG_8687-1877x2048.jpg 1877w\" sizes=\"auto, (max-width: 938px) 100vw, 938px\" \/><\/figure>\n<\/figure>\n\n\n\n<figure class=\"wp-block-gallery has-nested-images columns-default is-cropped wp-block-gallery-2 is-layout-flex wp-block-gallery-is-layout-flex\">\n<figure class=\"wp-block-image size-large\"><img decoding=\"async\" data-id=\"34\" src=\"https:\/\/sierpechocolate.com\/wp-content\/uploads\/2022\/10\/20220927_132341-1-768x1024.jpg\" alt=\"\" class=\"wp-image-34\"\/><\/figure>\n\n\n\n<figure class=\"wp-block-image size-large\"><img decoding=\"async\" data-id=\"33\" src=\"https:\/\/sierpechocolate.com\/wp-content\/uploads\/2022\/10\/20220927_134223-1-768x1024.jpg\" alt=\"\" class=\"wp-image-33\"\/><\/figure>\n<\/figure>\n<\/div>\n<\/div>\n","protected":false},"excerpt":{"rendered":"<p>De &#8222;la ra\u00edz a la barra&#8220; sin conservantes, todo natural 70% Cacao &#8222;CHOCOLATE AUT\u00c9NTICO&#8220; Somos una peque\u00f1a empresa chocolatera creada por el amor al buen chocolate y el deseo de producirlo utilizando cacao de agricultores locales y s\u00f3lo los mejores ingredientes. Nunca ha probado un chocolate mejor, por muy lujoso que sea el envoltorio. Pruebe&hellip;&nbsp;<\/p>\n","protected":false},"author":2,"featured_media":43,"parent":0,"menu_order":0,"comment_status":"closed","ping_status":"closed","template":"","meta":{"neve_meta_sidebar":"","neve_meta_container":"","neve_meta_enable_content_width":"","neve_meta_content_width":0,"neve_meta_title_alignment":"","neve_meta_author_avatar":"","neve_post_elements_order":"","neve_meta_disable_header":"","neve_meta_disable_footer":"","neve_meta_disable_title":"","_themeisle_gutenberg_block_has_review":false,"footnotes":""},"class_list":["post-8","page","type-page","status-publish","has-post-thumbnail","hentry"],"_links":{"self":[{"href":"https:\/\/cr.sierpechocolate.com\/index.php?rest_route=\/wp\/v2\/pages\/8","targetHints":{"allow":["GET"]}}],"collection":[{"href":"https:\/\/cr.sierpechocolate.com\/index.php?rest_route=\/wp\/v2\/pages"}],"about":[{"href":"https:\/\/cr.sierpechocolate.com\/index.php?rest_route=\/wp\/v2\/types\/page"}],"author":[{"embeddable":true,"href":"https:\/\/cr.sierpechocolate.com\/index.php?rest_route=\/wp\/v2\/users\/2"}],"replies":[{"embeddable":true,"href":"https:\/\/cr.sierpechocolate.com\/index.php?rest_route=%2Fwp%2Fv2%2Fcomments&post=8"}],"version-history":[{"count":3,"href":"https:\/\/cr.sierpechocolate.com\/index.php?rest_route=\/wp\/v2\/pages\/8\/revisions"}],"predecessor-version":[{"id":226,"href":"https:\/\/cr.sierpechocolate.com\/index.php?rest_route=\/wp\/v2\/pages\/8\/revisions\/226"}],"wp:featuredmedia":[{"embeddable":true,"href":"https:\/\/cr.sierpechocolate.com\/index.php?rest_route=\/"}],"wp:attachment":[{"href":"https:\/\/cr.sierpechocolate.com\/index.php?rest_route=%2Fwp%2Fv2%2Fmedia&parent=8"}],"curies":[{"name":"wp","href":"https:\/\/api.w.org\/{rel}","templated":true}]}}